{"id":1366,"date":"2022-03-08T17:14:09","date_gmt":"2022-03-08T16:14:09","guid":{"rendered":"https:\/\/www.ideefixe.fr\/commitment\/"},"modified":"2025-02-24T17:42:14","modified_gmt":"2025-02-24T16:42:14","slug":"commitment","status":"publish","type":"page","link":"https:\/\/www.ideefixe.fr\/en\/commitment\/","title":{"rendered":"Commitment"},"content":{"rendered":"\n<div class=\"wp-block-group inner\"><div class=\"wp-block-group__inner-container is-layout-flow wp-block-group-is-layout-flow\">\n<h2 class=\"has-text-align-center wp-block-heading\" id=\"quand-l-ephemere-s-inscrit-dans-le-durable\">When the ephemeral <br\/>becomes part of the sustainable<\/h2>\n\n\n\n<p class=\"has-text-align-center\">We are convinced that tomorrow is written today.<br\/>This is why we are in the process of obtaining ISO 20121 certification<br\/>guaranteeing responsible management applied to the event business.<\/p>\n\n\n\n<p class=\"has-text-align-center\"><br\/>Sustainable development is a major challenge for all economic players.<br\/>We are constantly striving to do better<br\/>while preserving resources as much as possible.<\/p>\n\n\n\n<div class=\"wp-block-image\"><figure class=\"aligncenter size-full\"><img loading=\"lazy\" decoding=\"async\" width=\"165\" height=\"169\" src=\"https:\/\/www.ideefixe.fr\/wp-content\/uploads\/2022\/02\/logo_ISO_20121.jpg\" alt=\"Logo ISO 20121\" class=\"wp-image-644\"\/><\/figure><\/div>\n<\/div><\/div>\n\n<hr class=\"wp-block-separator\"\/>\n","protected":false},"excerpt":{"rendered":"<p>When the ephemeral becomes part of the sustainable We are convinced that tomorrow is written today.This is why we are in the process of obtaining ISO 20121 certificationguaranteeing responsible management applied to the event business. Sustainable development is a major challenge for all economic players.We are constantly striving to do betterwhile preserving resources as much [&hellip;]<\/p>\n","protected":false},"author":4,"featured_media":0,"parent":0,"menu_order":0,"comment_status":"closed","ping_status":"closed","template":"template\/page-engagement.php","meta":{"_acf_changed":false,"footnotes":""},"class_list":["post-1366","page","type-page","status-publish","hentry"],"acf":[],"yoast_head":"<!-- This site is optimized with the Yoast SEO plugin v27.4 - https:\/\/yoast.com\/product\/yoast-seo-wordpress\/ -->\n<title>Commitment - Id\u00e9e Fixe<\/title>\n<meta name=\"description\" content=\"We believe that events can be sustainable, which is why we encourage the fair use of resources.\" \/>\n<meta name=\"robots\" content=\"index, follow, max-snippet:-1, max-image-preview:large, max-video-preview:-1\" \/>\n<link rel=\"canonical\" href=\"https:\/\/www.ideefixe.fr\/en\/commitment\/\" \/>\n<meta property=\"og:locale\" content=\"en_US\" \/>\n<meta property=\"og:type\" content=\"article\" \/>\n<meta property=\"og:title\" content=\"Commitment - Id\u00e9e Fixe\" \/>\n<meta property=\"og:description\" content=\"We believe that events can be sustainable, which is why we encourage the fair use of resources.\" \/>\n<meta property=\"og:url\" content=\"https:\/\/www.ideefixe.fr\/en\/commitment\/\" \/>\n<meta property=\"og:site_name\" content=\"Id\u00e9e Fixe\" \/>\n<meta property=\"article:modified_time\" content=\"2025-02-24T16:42:14+00:00\" \/>\n<meta property=\"og:image\" content=\"https:\/\/www.ideefixe.fr\/wp-content\/uploads\/2022\/02\/logo_ISO_20121.jpg\" \/>\n\t<meta property=\"og:image:width\" content=\"165\" \/>\n\t<meta property=\"og:image:height\" content=\"169\" \/>\n\t<meta property=\"og:image:type\" content=\"image\/jpeg\" \/>\n<meta name=\"twitter:card\" content=\"summary_large_image\" \/>\n<meta name=\"twitter:label1\" content=\"Est. reading time\" \/>\n\t<meta name=\"twitter:data1\" content=\"3 minutes\" \/>\n<script type=\"application\/ld+json\" class=\"yoast-schema-graph\">{\"@context\":\"https:\\\/\\\/schema.org\",\"@graph\":[{\"@type\":\"WebPage\",\"@id\":\"https:\\\/\\\/www.ideefixe.fr\\\/en\\\/commitment\\\/\",\"url\":\"https:\\\/\\\/www.ideefixe.fr\\\/en\\\/commitment\\\/\",\"name\":\"Commitment - Id\u00e9e Fixe\",\"isPartOf\":{\"@id\":\"https:\\\/\\\/www.ideefixe.fr\\\/en\\\/#website\"},\"primaryImageOfPage\":{\"@id\":\"https:\\\/\\\/www.ideefixe.fr\\\/en\\\/commitment\\\/#primaryimage\"},\"image\":{\"@id\":\"https:\\\/\\\/www.ideefixe.fr\\\/en\\\/commitment\\\/#primaryimage\"},\"thumbnailUrl\":\"https:\\\/\\\/www.ideefixe.fr\\\/wp-content\\\/uploads\\\/2022\\\/02\\\/logo_ISO_20121.jpg\",\"datePublished\":\"2022-03-08T16:14:09+00:00\",\"dateModified\":\"2025-02-24T16:42:14+00:00\",\"description\":\"We believe that events can be sustainable, which is why we encourage the fair use of resources.\",\"breadcrumb\":{\"@id\":\"https:\\\/\\\/www.ideefixe.fr\\\/en\\\/commitment\\\/#breadcrumb\"},\"inLanguage\":\"en-US\",\"potentialAction\":[{\"@type\":\"ReadAction\",\"target\":[\"https:\\\/\\\/www.ideefixe.fr\\\/en\\\/commitment\\\/\"]}]},{\"@type\":\"ImageObject\",\"inLanguage\":\"en-US\",\"@id\":\"https:\\\/\\\/www.ideefixe.fr\\\/en\\\/commitment\\\/#primaryimage\",\"url\":\"https:\\\/\\\/www.ideefixe.fr\\\/wp-content\\\/uploads\\\/2022\\\/02\\\/logo_ISO_20121.jpg\",\"contentUrl\":\"https:\\\/\\\/www.ideefixe.fr\\\/wp-content\\\/uploads\\\/2022\\\/02\\\/logo_ISO_20121.jpg\"},{\"@type\":\"BreadcrumbList\",\"@id\":\"https:\\\/\\\/www.ideefixe.fr\\\/en\\\/commitment\\\/#breadcrumb\",\"itemListElement\":[{\"@type\":\"ListItem\",\"position\":1,\"name\":\"Id\u00e9e Fixe\",\"item\":\"https:\\\/\\\/www.ideefixe.fr\\\/en\\\/\"},{\"@type\":\"ListItem\",\"position\":2,\"name\":\"Commitment\"}]},{\"@type\":\"WebSite\",\"@id\":\"https:\\\/\\\/www.ideefixe.fr\\\/en\\\/#website\",\"url\":\"https:\\\/\\\/www.ideefixe.fr\\\/en\\\/\",\"name\":\"Id\u00e9e Fixe\",\"description\":\"Expert en architectures durables et \u00e9ph\u00e9m\u00e8res depuis 1990.\",\"publisher\":{\"@id\":\"https:\\\/\\\/www.ideefixe.fr\\\/en\\\/#organization\"},\"potentialAction\":[{\"@type\":\"SearchAction\",\"target\":{\"@type\":\"EntryPoint\",\"urlTemplate\":\"https:\\\/\\\/www.ideefixe.fr\\\/en\\\/?s={search_term_string}\"},\"query-input\":{\"@type\":\"PropertyValueSpecification\",\"valueRequired\":true,\"valueName\":\"search_term_string\"}}],\"inLanguage\":\"en-US\"},{\"@type\":\"Organization\",\"@id\":\"https:\\\/\\\/www.ideefixe.fr\\\/en\\\/#organization\",\"name\":\"Id\u00e9e Fixe\",\"url\":\"https:\\\/\\\/www.ideefixe.fr\\\/en\\\/\",\"logo\":{\"@type\":\"ImageObject\",\"inLanguage\":\"en-US\",\"@id\":\"https:\\\/\\\/www.ideefixe.fr\\\/en\\\/#\\\/schema\\\/logo\\\/image\\\/\",\"url\":\"https:\\\/\\\/www.ideefixe.fr\\\/wp-content\\\/uploads\\\/2021\\\/11\\\/logo-idee-fixe.svg\",\"contentUrl\":\"https:\\\/\\\/www.ideefixe.fr\\\/wp-content\\\/uploads\\\/2021\\\/11\\\/logo-idee-fixe.svg\",\"width\":1,\"height\":1,\"caption\":\"Id\u00e9e Fixe\"},\"image\":{\"@id\":\"https:\\\/\\\/www.ideefixe.fr\\\/en\\\/#\\\/schema\\\/logo\\\/image\\\/\"}}]}<\/script>\n<!-- \/ Yoast SEO plugin. -->","yoast_head_json":{"title":"Commitment - Id\u00e9e Fixe","description":"We believe that events can be sustainable, which is why we encourage the fair use of resources.","robots":{"index":"index","follow":"follow","max-snippet":"max-snippet:-1","max-image-preview":"max-image-preview:large","max-video-preview":"max-video-preview:-1"},"canonical":"https:\/\/www.ideefixe.fr\/en\/commitment\/","og_locale":"en_US","og_type":"article","og_title":"Commitment - Id\u00e9e Fixe","og_description":"We believe that events can be sustainable, which is why we encourage the fair use of resources.","og_url":"https:\/\/www.ideefixe.fr\/en\/commitment\/","og_site_name":"Id\u00e9e Fixe","article_modified_time":"2025-02-24T16:42:14+00:00","og_image":[{"width":165,"height":169,"url":"https:\/\/www.ideefixe.fr\/wp-content\/uploads\/2022\/02\/logo_ISO_20121.jpg","type":"image\/jpeg"}],"twitter_card":"summary_large_image","twitter_misc":{"Est. reading time":"3 minutes"},"schema":{"@context":"https:\/\/schema.org","@graph":[{"@type":"WebPage","@id":"https:\/\/www.ideefixe.fr\/en\/commitment\/","url":"https:\/\/www.ideefixe.fr\/en\/commitment\/","name":"Commitment - Id\u00e9e Fixe","isPartOf":{"@id":"https:\/\/www.ideefixe.fr\/en\/#website"},"primaryImageOfPage":{"@id":"https:\/\/www.ideefixe.fr\/en\/commitment\/#primaryimage"},"image":{"@id":"https:\/\/www.ideefixe.fr\/en\/commitment\/#primaryimage"},"thumbnailUrl":"https:\/\/www.ideefixe.fr\/wp-content\/uploads\/2022\/02\/logo_ISO_20121.jpg","datePublished":"2022-03-08T16:14:09+00:00","dateModified":"2025-02-24T16:42:14+00:00","description":"We believe that events can be sustainable, which is why we encourage the fair use of resources.","breadcrumb":{"@id":"https:\/\/www.ideefixe.fr\/en\/commitment\/#breadcrumb"},"inLanguage":"en-US","potentialAction":[{"@type":"ReadAction","target":["https:\/\/www.ideefixe.fr\/en\/commitment\/"]}]},{"@type":"ImageObject","inLanguage":"en-US","@id":"https:\/\/www.ideefixe.fr\/en\/commitment\/#primaryimage","url":"https:\/\/www.ideefixe.fr\/wp-content\/uploads\/2022\/02\/logo_ISO_20121.jpg","contentUrl":"https:\/\/www.ideefixe.fr\/wp-content\/uploads\/2022\/02\/logo_ISO_20121.jpg"},{"@type":"BreadcrumbList","@id":"https:\/\/www.ideefixe.fr\/en\/commitment\/#breadcrumb","itemListElement":[{"@type":"ListItem","position":1,"name":"Id\u00e9e Fixe","item":"https:\/\/www.ideefixe.fr\/en\/"},{"@type":"ListItem","position":2,"name":"Commitment"}]},{"@type":"WebSite","@id":"https:\/\/www.ideefixe.fr\/en\/#website","url":"https:\/\/www.ideefixe.fr\/en\/","name":"Id\u00e9e Fixe","description":"Expert en architectures durables et \u00e9ph\u00e9m\u00e8res depuis 1990.","publisher":{"@id":"https:\/\/www.ideefixe.fr\/en\/#organization"},"potentialAction":[{"@type":"SearchAction","target":{"@type":"EntryPoint","urlTemplate":"https:\/\/www.ideefixe.fr\/en\/?s={search_term_string}"},"query-input":{"@type":"PropertyValueSpecification","valueRequired":true,"valueName":"search_term_string"}}],"inLanguage":"en-US"},{"@type":"Organization","@id":"https:\/\/www.ideefixe.fr\/en\/#organization","name":"Id\u00e9e Fixe","url":"https:\/\/www.ideefixe.fr\/en\/","logo":{"@type":"ImageObject","inLanguage":"en-US","@id":"https:\/\/www.ideefixe.fr\/en\/#\/schema\/logo\/image\/","url":"https:\/\/www.ideefixe.fr\/wp-content\/uploads\/2021\/11\/logo-idee-fixe.svg","contentUrl":"https:\/\/www.ideefixe.fr\/wp-content\/uploads\/2021\/11\/logo-idee-fixe.svg","width":1,"height":1,"caption":"Id\u00e9e Fixe"},"image":{"@id":"https:\/\/www.ideefixe.fr\/en\/#\/schema\/logo\/image\/"}}]}},"_links":{"self":[{"href":"https:\/\/www.ideefixe.fr\/en\/wp-json\/wp\/v2\/pages\/1366","targetHints":{"allow":["GET"]}}],"collection":[{"href":"https:\/\/www.ideefixe.fr\/en\/wp-json\/wp\/v2\/pages"}],"about":[{"href":"https:\/\/www.ideefixe.fr\/en\/wp-json\/wp\/v2\/types\/page"}],"author":[{"embeddable":true,"href":"https:\/\/www.ideefixe.fr\/en\/wp-json\/wp\/v2\/users\/4"}],"replies":[{"embeddable":true,"href":"https:\/\/www.ideefixe.fr\/en\/wp-json\/wp\/v2\/comments?post=1366"}],"version-history":[{"count":6,"href":"https:\/\/www.ideefixe.fr\/en\/wp-json\/wp\/v2\/pages\/1366\/revisions"}],"predecessor-version":[{"id":9812,"href":"https:\/\/www.ideefixe.fr\/en\/wp-json\/wp\/v2\/pages\/1366\/revisions\/9812"}],"wp:attachment":[{"href":"https:\/\/www.ideefixe.fr\/en\/wp-json\/wp\/v2\/media?parent=1366"}],"curies":[{"name":"wp","href":"https:\/\/api.w.org\/{rel}","templated":true}]}}