{"id":1374,"date":"2022-03-08T18:33:56","date_gmt":"2022-03-08T17:33:56","guid":{"rendered":"https:\/\/www.ideefixe.fr\/join-us\/apply\/"},"modified":"2022-03-08T18:33:56","modified_gmt":"2022-03-08T17:33:56","slug":"apply","status":"publish","type":"page","link":"https:\/\/www.ideefixe.fr\/en\/join-us\/apply\/","title":{"rendered":"Apply"},"content":{"rendered":"\n<div class=\"wpcf7 no-js\" id=\"wpcf7-f357-o1\" lang=\"fr-FR\" dir=\"ltr\" data-wpcf7-id=\"357\">\n<div class=\"screen-reader-response\"><p role=\"status\" aria-live=\"polite\" aria-atomic=\"true\"><\/p> <ul><\/ul><\/div>\n<form action=\"\/en\/wp-json\/wp\/v2\/pages\/1374#wpcf7-f357-o1\" method=\"post\" class=\"wpcf7-form init\" aria-label=\"Formulaire de contact\" enctype=\"multipart\/form-data\" novalidate=\"novalidate\" data-status=\"init\">\n<fieldset class=\"hidden-fields-container\"><input type=\"hidden\" name=\"_wpcf7\" value=\"357\" \/><input type=\"hidden\" name=\"_wpcf7_version\" value=\"6.1.5\" \/><input type=\"hidden\" name=\"_wpcf7_locale\" value=\"fr_FR\" \/><input type=\"hidden\" name=\"_wpcf7_unit_tag\" value=\"wpcf7-f357-o1\" \/><input type=\"hidden\" name=\"_wpcf7_container_post\" value=\"0\" \/><input type=\"hidden\" name=\"_wpcf7_posted_data_hash\" value=\"\" \/>\n<\/fieldset>\n<p><label><span class=\"wpcf7-form-control-wrap\" data-name=\"name_firstname\"><input size=\"40\" maxlength=\"400\" class=\"wpcf7-form-control wpcf7-text wpcf7-validates-as-required\" aria-required=\"true\" aria-invalid=\"false\" placeholder=\"Nom complet*\" value=\"\" type=\"text\" name=\"name_firstname\" \/><\/span><\/label><br \/>\n<label><span class=\"wpcf7-form-control-wrap\" data-name=\"email\"><input size=\"40\" maxlength=\"400\" class=\"wpcf7-form-control wpcf7-email wpcf7-validates-as-required wpcf7-text wpcf7-validates-as-email\" aria-required=\"true\" aria-invalid=\"false\" placeholder=\"E-mail*\" value=\"\" type=\"email\" name=\"email\" \/><\/span><\/label><br \/>\n<label><span class=\"wpcf7-form-control-wrap\" data-name=\"phone\"><input size=\"40\" maxlength=\"400\" class=\"wpcf7-form-control wpcf7-tel wpcf7-validates-as-required wpcf7-text wpcf7-validates-as-tel\" aria-required=\"true\" aria-invalid=\"false\" placeholder=\"Num\u00e9ro de t\u00e9l\u00e9phone*\" value=\"\" type=\"tel\" name=\"phone\" \/><\/span><\/label><br \/>\n<label><span class=\"wpcf7-form-control-wrap\" data-name=\"topic\"><input size=\"40\" maxlength=\"400\" class=\"wpcf7-form-control wpcf7-text wpcf7-validates-as-required\" aria-required=\"true\" aria-invalid=\"false\" placeholder=\"Sujet*\" value=\"\" type=\"text\" name=\"topic\" \/><\/span><\/label><br \/>\n<label><span class=\"wpcf7-form-control-wrap\" data-name=\"message\"><textarea cols=\"40\" rows=\"10\" maxlength=\"2000\" class=\"wpcf7-form-control wpcf7-textarea\" aria-invalid=\"false\" placeholder=\"Message\" name=\"message\"><\/textarea><\/span><\/label>\n<\/p>\n<div class=\"flexCol\">\n\t<p><label class=\"file_container flexRow center middle\"><span class=\"label\">CV<\/span> <span class=\"wpcf7-form-control-wrap\" data-name=\"cv\"><input size=\"40\" class=\"wpcf7-form-control wpcf7-file\" accept=\"audio\/*,video\/*,image\/*\" aria-invalid=\"false\" type=\"file\" name=\"cv\" \/><\/span><\/label><label class=\"file_container flexRow center middle\"><span class=\"label\">Autres<\/span> <span class=\"wpcf7-form-control-wrap\" data-name=\"autre\"><input size=\"40\" class=\"wpcf7-form-control wpcf7-file\" accept=\"audio\/*,video\/*,image\/*\" aria-invalid=\"false\" type=\"file\" name=\"autre\" \/><\/span><\/label>\n\t<\/p>\n<\/div>\n<p><span class=\"wpcf7-form-control-wrap\" data-name=\"accept\"><span class=\"wpcf7-form-control wpcf7-acceptance\"><span class=\"wpcf7-list-item\"><label><input type=\"checkbox\" name=\"accept\" value=\"1\" class=\"rgpd\" aria-invalid=\"false\" \/><span class=\"wpcf7-list-item-label\">\"Id\u00e9e Fixe collecte vos donn\u00e9es aux fins de pouvoir traiter votre demande de contact. Vous disposez des droits notamment d\u2019acc\u00e8s, rectification, suppression. Pour en savoir plus <a href='\/politique-de-confidentialite\/'>cliquez ici.<\/a>\"<\/span><\/label><\/span><\/span><\/span>\n<\/p>\n<div class=\"submit_form\">\n\t<p><span class=\"wpcf7-form-control-wrap\" data-name=\"hcap-cf7\">\t\t<input\n\t\t\t\ttype=\"hidden\"\n\t\t\t\tclass=\"hcaptcha-widget-id\"\n\t\t\t\tname=\"hcaptcha-widget-id\"\n\t\t\t\tvalue=\"eyJzb3VyY2UiOlsiY29udGFjdC1mb3JtLTdcL3dwLWNvbnRhY3QtZm9ybS03LnBocCJdLCJmb3JtX2lkIjozNTd9-a2abbfa9aea6a71e67e4b18f1e9a542c\">\n\t\t\t\t<span id=\"hcap_cf7-69f539babb6189.25158259\" class=\"wpcf7-form-control h-captcha \"\n\t\t\tdata-sitekey=\"0744164e-c73c-4032-9a32-7c3838ae16ea\"\n\t\t\tdata-theme=\"light\"\n\t\t\tdata-size=\"invisible\"\n\t\t\tdata-auto=\"false\"\n\t\t\tdata-ajax=\"false\"\n\t\t\tdata-force=\"true\">\n\t\t<\/span>\n\t\t<input type=\"hidden\" id=\"_wpnonce\" name=\"_wpnonce\" value=\"4a5489618e\" \/><input type=\"hidden\" name=\"_wp_http_referer\" value=\"\/en\/wp-json\/wp\/v2\/pages\/1374\" \/>\t\t<label for=\"hcap_hp_WPnyQwRmwknQ\"><\/label>\n\t\t<input\n\t\t\t\ttype=\"text\" id=\"hcap_hp_WPnyQwRmwknQ\" name=\"hcap_hp_WPnyQwRmwknQ\" value=\"\"\n\t\t\t\treadonly inputmode=\"none\" autocomplete=\"new-password\" tabindex=\"-1\" aria-hidden=\"true\"\n\t\t\t\tstyle=\"position:absolute; left:-9999px; top:auto; height:0; width:0; opacity:0;\"\/>\n\t\t<input type=\"hidden\" name=\"hcap_hp_sig\" value=\"c54c9954eb\"\/>\n\t\t<\/span><input class=\"wpcf7-form-control wpcf7-submit has-spinner bouton\" type=\"submit\" value=\"Envoyer\" \/>\n\t<\/p>\n\t<div class=\"arrow_submit\">\n\t<\/div>\n<\/div><div class=\"wpcf7-response-output\" aria-hidden=\"true\"><\/div>\n<\/form>\n<\/div>\n\n\n\n\n<p><\/p>\n","protected":false},"excerpt":{"rendered":"","protected":false},"author":4,"featured_media":0,"parent":1372,"menu_order":0,"comment_status":"closed","ping_status":"closed","template":"","meta":{"_acf_changed":false,"footnotes":""},"class_list":["post-1374","page","type-page","status-publish","hentry"],"acf":[],"yoast_head":"<!-- This site is optimized with the Yoast SEO plugin v27.4 - https:\/\/yoast.com\/product\/yoast-seo-wordpress\/ -->\n<title>Apply - Id\u00e9e Fixe<\/title>\n<meta name=\"robots\" content=\"index, follow, max-snippet:-1, max-image-preview:large, max-video-preview:-1\" \/>\n<link rel=\"canonical\" href=\"https:\/\/www.ideefixe.fr\/en\/join-us\/apply\/\" \/>\n<meta property=\"og:locale\" content=\"en_US\" \/>\n<meta property=\"og:type\" content=\"article\" \/>\n<meta property=\"og:title\" content=\"Apply - Id\u00e9e Fixe\" \/>\n<meta property=\"og:url\" content=\"https:\/\/www.ideefixe.fr\/en\/join-us\/apply\/\" \/>\n<meta property=\"og:site_name\" content=\"Id\u00e9e Fixe\" \/>\n<meta name=\"twitter:card\" content=\"summary_large_image\" \/>\n<script type=\"application\/ld+json\" class=\"yoast-schema-graph\">{\"@context\":\"https:\\\/\\\/schema.org\",\"@graph\":[{\"@type\":\"WebPage\",\"@id\":\"https:\\\/\\\/www.ideefixe.fr\\\/en\\\/join-us\\\/apply\\\/\",\"url\":\"https:\\\/\\\/www.ideefixe.fr\\\/en\\\/join-us\\\/apply\\\/\",\"name\":\"Apply - Id\u00e9e Fixe\",\"isPartOf\":{\"@id\":\"https:\\\/\\\/www.ideefixe.fr\\\/en\\\/#website\"},\"datePublished\":\"2022-03-08T17:33:56+00:00\",\"breadcrumb\":{\"@id\":\"https:\\\/\\\/www.ideefixe.fr\\\/en\\\/join-us\\\/apply\\\/#breadcrumb\"},\"inLanguage\":\"en-US\",\"potentialAction\":[{\"@type\":\"ReadAction\",\"target\":[\"https:\\\/\\\/www.ideefixe.fr\\\/en\\\/join-us\\\/apply\\\/\"]}]},{\"@type\":\"BreadcrumbList\",\"@id\":\"https:\\\/\\\/www.ideefixe.fr\\\/en\\\/join-us\\\/apply\\\/#breadcrumb\",\"itemListElement\":[{\"@type\":\"ListItem\",\"position\":1,\"name\":\"Id\u00e9e Fixe\",\"item\":\"https:\\\/\\\/www.ideefixe.fr\\\/en\\\/\"},{\"@type\":\"ListItem\",\"position\":2,\"name\":\"Join us\",\"item\":\"https:\\\/\\\/www.ideefixe.fr\\\/en\\\/join-us\\\/\"},{\"@type\":\"ListItem\",\"position\":3,\"name\":\"Apply\"}]},{\"@type\":\"WebSite\",\"@id\":\"https:\\\/\\\/www.ideefixe.fr\\\/en\\\/#website\",\"url\":\"https:\\\/\\\/www.ideefixe.fr\\\/en\\\/\",\"name\":\"Id\u00e9e Fixe\",\"description\":\"Expert en architectures durables et \u00e9ph\u00e9m\u00e8res depuis 1990.\",\"publisher\":{\"@id\":\"https:\\\/\\\/www.ideefixe.fr\\\/en\\\/#organization\"},\"potentialAction\":[{\"@type\":\"SearchAction\",\"target\":{\"@type\":\"EntryPoint\",\"urlTemplate\":\"https:\\\/\\\/www.ideefixe.fr\\\/en\\\/?s={search_term_string}\"},\"query-input\":{\"@type\":\"PropertyValueSpecification\",\"valueRequired\":true,\"valueName\":\"search_term_string\"}}],\"inLanguage\":\"en-US\"},{\"@type\":\"Organization\",\"@id\":\"https:\\\/\\\/www.ideefixe.fr\\\/en\\\/#organization\",\"name\":\"Id\u00e9e Fixe\",\"url\":\"https:\\\/\\\/www.ideefixe.fr\\\/en\\\/\",\"logo\":{\"@type\":\"ImageObject\",\"inLanguage\":\"en-US\",\"@id\":\"https:\\\/\\\/www.ideefixe.fr\\\/en\\\/#\\\/schema\\\/logo\\\/image\\\/\",\"url\":\"https:\\\/\\\/www.ideefixe.fr\\\/wp-content\\\/uploads\\\/2021\\\/11\\\/logo-idee-fixe.svg\",\"contentUrl\":\"https:\\\/\\\/www.ideefixe.fr\\\/wp-content\\\/uploads\\\/2021\\\/11\\\/logo-idee-fixe.svg\",\"width\":1,\"height\":1,\"caption\":\"Id\u00e9e Fixe\"},\"image\":{\"@id\":\"https:\\\/\\\/www.ideefixe.fr\\\/en\\\/#\\\/schema\\\/logo\\\/image\\\/\"}}]}<\/script>\n<!-- \/ Yoast SEO plugin. -->","yoast_head_json":{"title":"Apply - Id\u00e9e Fixe","robots":{"index":"index","follow":"follow","max-snippet":"max-snippet:-1","max-image-preview":"max-image-preview:large","max-video-preview":"max-video-preview:-1"},"canonical":"https:\/\/www.ideefixe.fr\/en\/join-us\/apply\/","og_locale":"en_US","og_type":"article","og_title":"Apply - Id\u00e9e Fixe","og_url":"https:\/\/www.ideefixe.fr\/en\/join-us\/apply\/","og_site_name":"Id\u00e9e Fixe","twitter_card":"summary_large_image","schema":{"@context":"https:\/\/schema.org","@graph":[{"@type":"WebPage","@id":"https:\/\/www.ideefixe.fr\/en\/join-us\/apply\/","url":"https:\/\/www.ideefixe.fr\/en\/join-us\/apply\/","name":"Apply - Id\u00e9e Fixe","isPartOf":{"@id":"https:\/\/www.ideefixe.fr\/en\/#website"},"datePublished":"2022-03-08T17:33:56+00:00","breadcrumb":{"@id":"https:\/\/www.ideefixe.fr\/en\/join-us\/apply\/#breadcrumb"},"inLanguage":"en-US","potentialAction":[{"@type":"ReadAction","target":["https:\/\/www.ideefixe.fr\/en\/join-us\/apply\/"]}]},{"@type":"BreadcrumbList","@id":"https:\/\/www.ideefixe.fr\/en\/join-us\/apply\/#breadcrumb","itemListElement":[{"@type":"ListItem","position":1,"name":"Id\u00e9e Fixe","item":"https:\/\/www.ideefixe.fr\/en\/"},{"@type":"ListItem","position":2,"name":"Join us","item":"https:\/\/www.ideefixe.fr\/en\/join-us\/"},{"@type":"ListItem","position":3,"name":"Apply"}]},{"@type":"WebSite","@id":"https:\/\/www.ideefixe.fr\/en\/#website","url":"https:\/\/www.ideefixe.fr\/en\/","name":"Id\u00e9e Fixe","description":"Expert en architectures durables et \u00e9ph\u00e9m\u00e8res depuis 1990.","publisher":{"@id":"https:\/\/www.ideefixe.fr\/en\/#organization"},"potentialAction":[{"@type":"SearchAction","target":{"@type":"EntryPoint","urlTemplate":"https:\/\/www.ideefixe.fr\/en\/?s={search_term_string}"},"query-input":{"@type":"PropertyValueSpecification","valueRequired":true,"valueName":"search_term_string"}}],"inLanguage":"en-US"},{"@type":"Organization","@id":"https:\/\/www.ideefixe.fr\/en\/#organization","name":"Id\u00e9e Fixe","url":"https:\/\/www.ideefixe.fr\/en\/","logo":{"@type":"ImageObject","inLanguage":"en-US","@id":"https:\/\/www.ideefixe.fr\/en\/#\/schema\/logo\/image\/","url":"https:\/\/www.ideefixe.fr\/wp-content\/uploads\/2021\/11\/logo-idee-fixe.svg","contentUrl":"https:\/\/www.ideefixe.fr\/wp-content\/uploads\/2021\/11\/logo-idee-fixe.svg","width":1,"height":1,"caption":"Id\u00e9e Fixe"},"image":{"@id":"https:\/\/www.ideefixe.fr\/en\/#\/schema\/logo\/image\/"}}]}},"_links":{"self":[{"href":"https:\/\/www.ideefixe.fr\/en\/wp-json\/wp\/v2\/pages\/1374","targetHints":{"allow":["GET"]}}],"collection":[{"href":"https:\/\/www.ideefixe.fr\/en\/wp-json\/wp\/v2\/pages"}],"about":[{"href":"https:\/\/www.ideefixe.fr\/en\/wp-json\/wp\/v2\/types\/page"}],"author":[{"embeddable":true,"href":"https:\/\/www.ideefixe.fr\/en\/wp-json\/wp\/v2\/users\/4"}],"replies":[{"embeddable":true,"href":"https:\/\/www.ideefixe.fr\/en\/wp-json\/wp\/v2\/comments?post=1374"}],"version-history":[{"count":1,"href":"https:\/\/www.ideefixe.fr\/en\/wp-json\/wp\/v2\/pages\/1374\/revisions"}],"predecessor-version":[{"id":1375,"href":"https:\/\/www.ideefixe.fr\/en\/wp-json\/wp\/v2\/pages\/1374\/revisions\/1375"}],"up":[{"embeddable":true,"href":"https:\/\/www.ideefixe.fr\/en\/wp-json\/wp\/v2\/pages\/1372"}],"wp:attachment":[{"href":"https:\/\/www.ideefixe.fr\/en\/wp-json\/wp\/v2\/media?parent=1374"}],"curies":[{"name":"wp","href":"https:\/\/api.w.org\/{rel}","templated":true}]}}