{"id":1382,"date":"2022-03-10T11:31:49","date_gmt":"2022-03-10T10:31:49","guid":{"rendered":"https:\/\/www.ideefixe.fr\/privacy-policy\/"},"modified":"2023-03-13T16:56:47","modified_gmt":"2023-03-13T15:56:47","slug":"privacy-policy","status":"publish","type":"page","link":"https:\/\/www.ideefixe.fr\/en\/privacy-policy\/","title":{"rendered":"Privacy Policy"},"content":{"rendered":"\n<p><meta charset=\"utf-8\">This site is the property of Id\u00e9e Fixe, <meta charset=\"utf-8\">Id\u00e9e Fixe will be referred to below as the &#8220;site owner&#8221; and the ideefixe.fr site will be referred to below as the &#8220;website&#8221;.<\/p>\n\n\n\n<p>The &#8220;Site Owner&#8221; is committed to ensuring the highest level of protection for your personal data.<\/p>\n\n\n\n<h2 class=\"wp-block-heading\">Who collects your personal data?<\/h2>\n\n\n\n<p>The person in charge of the treatment implemented on the site \u00ab <meta charset=\"utf-8\"> ideefixe.fr \u00bb is :<\/p>\n\n\n\n<p>&#8220;The Site Owner&#8221;, whose registered office is located at:<br><meta charset=\"utf-8\">ST PAIR SUR MER<br>ZA DU CROISSANT rue du poirier &#8211; 50380 Saint-Pair-Sur-Mer<br>Phone : +33 2 33 49 38 04<\/p>\n\n\n\n<p><a href=\"mailto:test@mail.fr\">test@mail.fr<\/a><br><br>The &#8220;site owner&#8221;, as the data controller, undertakes to comply with the provisions of Law No. 78-17 of January 6, 1978, as amended, relating to data processing, files and freedoms with regard to the automated processing of personal data carried out as well as Regulation (EU) No. 2016\/679 of April 27, 2016 from its application on May 25, 2018.<\/p>\n\n\n\n<h2 class=\"wp-block-heading\">To whom will your personal data be transmitted?<\/h2>\n\n\n\n<p>Your data will only be passed on to employees of the &#8220;site owner&#8221;.<\/p>\n\n\n\n<h2 class=\"wp-block-heading\">What are the purposes of processing your collected personal data?<\/h2>\n\n\n\n<p>The &#8220;site owner&#8221; is led to collect and record personal data of its Internet users (customers, prospects and prescribers) to perform the following treatments:<\/p>\n\n\n\n<ul class=\"wp-block-list\">\n<li>Creation and management of the customer account<\/li>\n\n\n\n<li>Information on new or modified services<\/li>\n\n\n\n<li>Response to questions and sending of commercial proposals by email (following your request)<\/li>\n\n\n\n<li>Elaboration of commercial statistics.<\/li>\n<\/ul>\n\n\n\n<p>With the exception of commercial prospecting operations, the &#8220;site owner&#8221; considers that all of the above treatments are necessary for the execution of these services. Commercial prospecting operations are based on the consent of the person concerned to the processing of his\/her data.<\/p>\n\n\n\n<h2 class=\"wp-block-heading\">How long will your data be kept?<\/h2>\n\n\n\n<p>The &#8220;Site Owner&#8221; will retain your personal data for the following periods:<br>All personal data collected from the Internet user &#8220;customer&#8221; will be kept for the duration of the commercial relationship and for a period of 5 years from the end of the said commercial relationship (e.g. from the date of your last purchase&#8230;), All personal data collected from the Internet user &#8220;prospects or prescribers&#8221;, will be kept for 3 years from the last contact emanating from the Internet user (e.g. request for information on a product, a click on a hypertext link&#8230;)<\/p>\n\n\n\n<h2 class=\"wp-block-heading\">What are your rights to access personal data and how to exercise them?<\/h2>\n\n\n\n<p>Any individual using the service has the right to access, rectify, oppose and delete the processing of his or her data in accordance with articles 38 to 40 of the law of 6 January 1978. Pursuant to Regulation 2016\/679 of April 27, 2016, the natural person may exercise his or her right to limitation of processing, erasure of data and portability from May 25, 2018. These rights can be exercised with the &#8220;site owner&#8221; who collected the personal data in the following way, by writing to us:<\/p>\n\n\n\n<p><strong>By post:<\/strong><br>3, rue de Hongrie<br>Z.A. de Villeneuve<br>53400 CRAON<\/p>\n\n\n\n<p>The &#8220;site owner&#8221; will send a reply within a maximum of 1 month after the exercise of the right. In the event of an unsatisfactory response, the person concerned may refer the matter to the <a href=\"https:\/\/www.cnil.fr\/\" target=\"_BLANK\" rel=\"noreferrer noopener\">CNIL<\/a>.<\/p>\n","protected":false},"excerpt":{"rendered":"<p>This site is the property of Id\u00e9e Fixe, Id\u00e9e Fixe will be referred to below as the &#8220;site owner&#8221; and the ideefixe.fr site will be referred to below as the &#8220;website&#8221;. The &#8220;Site Owner&#8221; is committed to ensuring the highest level of protection for your personal data. Who collects your personal data? The person in [&hellip;]<\/p>\n","protected":false},"author":4,"featured_media":0,"parent":0,"menu_order":0,"comment_status":"closed","ping_status":"closed","template":"template\/page-texte.php","meta":{"_acf_changed":false,"footnotes":""},"class_list":["post-1382","page","type-page","status-publish","hentry"],"acf":[],"yoast_head":"<!-- This site is optimized with the Yoast SEO plugin v27.4 - https:\/\/yoast.com\/product\/yoast-seo-wordpress\/ -->\n<title>Privacy Policy - Id\u00e9e Fixe<\/title>\n<meta name=\"robots\" content=\"index, follow, max-snippet:-1, max-image-preview:large, max-video-preview:-1\" \/>\n<link rel=\"canonical\" href=\"https:\/\/www.ideefixe.fr\/en\/privacy-policy\/\" \/>\n<meta property=\"og:locale\" content=\"en_US\" \/>\n<meta property=\"og:type\" content=\"article\" \/>\n<meta property=\"og:title\" content=\"Privacy Policy - Id\u00e9e Fixe\" \/>\n<meta property=\"og:description\" content=\"This site is the property of Id\u00e9e Fixe, Id\u00e9e Fixe will be referred to below as the &#8220;site owner&#8221; and the ideefixe.fr site will be referred to below as the &#8220;website&#8221;. The &#8220;Site Owner&#8221; is committed to ensuring the highest level of protection for your personal data. Who collects your personal data? The person in [&hellip;]\" \/>\n<meta property=\"og:url\" content=\"https:\/\/www.ideefixe.fr\/en\/privacy-policy\/\" \/>\n<meta property=\"og:site_name\" content=\"Id\u00e9e Fixe\" \/>\n<meta property=\"article:modified_time\" content=\"2023-03-13T15:56:47+00:00\" \/>\n<meta name=\"twitter:card\" content=\"summary_large_image\" \/>\n<meta name=\"twitter:label1\" content=\"Est. reading time\" \/>\n\t<meta name=\"twitter:data1\" content=\"3 minutes\" \/>\n<script type=\"application\/ld+json\" class=\"yoast-schema-graph\">{\"@context\":\"https:\\\/\\\/schema.org\",\"@graph\":[{\"@type\":\"WebPage\",\"@id\":\"https:\\\/\\\/www.ideefixe.fr\\\/en\\\/privacy-policy\\\/\",\"url\":\"https:\\\/\\\/www.ideefixe.fr\\\/en\\\/privacy-policy\\\/\",\"name\":\"Privacy Policy - Id\u00e9e Fixe\",\"isPartOf\":{\"@id\":\"https:\\\/\\\/www.ideefixe.fr\\\/en\\\/#website\"},\"datePublished\":\"2022-03-10T10:31:49+00:00\",\"dateModified\":\"2023-03-13T15:56:47+00:00\",\"breadcrumb\":{\"@id\":\"https:\\\/\\\/www.ideefixe.fr\\\/en\\\/privacy-policy\\\/#breadcrumb\"},\"inLanguage\":\"en-US\",\"potentialAction\":[{\"@type\":\"ReadAction\",\"target\":[\"https:\\\/\\\/www.ideefixe.fr\\\/en\\\/privacy-policy\\\/\"]}]},{\"@type\":\"BreadcrumbList\",\"@id\":\"https:\\\/\\\/www.ideefixe.fr\\\/en\\\/privacy-policy\\\/#breadcrumb\",\"itemListElement\":[{\"@type\":\"ListItem\",\"position\":1,\"name\":\"Id\u00e9e Fixe\",\"item\":\"https:\\\/\\\/www.ideefixe.fr\\\/en\\\/\"},{\"@type\":\"ListItem\",\"position\":2,\"name\":\"Privacy Policy\"}]},{\"@type\":\"WebSite\",\"@id\":\"https:\\\/\\\/www.ideefixe.fr\\\/en\\\/#website\",\"url\":\"https:\\\/\\\/www.ideefixe.fr\\\/en\\\/\",\"name\":\"Id\u00e9e Fixe\",\"description\":\"Expert en architectures durables et \u00e9ph\u00e9m\u00e8res depuis 1990.\",\"publisher\":{\"@id\":\"https:\\\/\\\/www.ideefixe.fr\\\/en\\\/#organization\"},\"potentialAction\":[{\"@type\":\"SearchAction\",\"target\":{\"@type\":\"EntryPoint\",\"urlTemplate\":\"https:\\\/\\\/www.ideefixe.fr\\\/en\\\/?s={search_term_string}\"},\"query-input\":{\"@type\":\"PropertyValueSpecification\",\"valueRequired\":true,\"valueName\":\"search_term_string\"}}],\"inLanguage\":\"en-US\"},{\"@type\":\"Organization\",\"@id\":\"https:\\\/\\\/www.ideefixe.fr\\\/en\\\/#organization\",\"name\":\"Id\u00e9e Fixe\",\"url\":\"https:\\\/\\\/www.ideefixe.fr\\\/en\\\/\",\"logo\":{\"@type\":\"ImageObject\",\"inLanguage\":\"en-US\",\"@id\":\"https:\\\/\\\/www.ideefixe.fr\\\/en\\\/#\\\/schema\\\/logo\\\/image\\\/\",\"url\":\"https:\\\/\\\/www.ideefixe.fr\\\/wp-content\\\/uploads\\\/2021\\\/11\\\/logo-idee-fixe.svg\",\"contentUrl\":\"https:\\\/\\\/www.ideefixe.fr\\\/wp-content\\\/uploads\\\/2021\\\/11\\\/logo-idee-fixe.svg\",\"width\":1,\"height\":1,\"caption\":\"Id\u00e9e Fixe\"},\"image\":{\"@id\":\"https:\\\/\\\/www.ideefixe.fr\\\/en\\\/#\\\/schema\\\/logo\\\/image\\\/\"}}]}<\/script>\n<!-- \/ Yoast SEO plugin. -->","yoast_head_json":{"title":"Privacy Policy - Id\u00e9e Fixe","robots":{"index":"index","follow":"follow","max-snippet":"max-snippet:-1","max-image-preview":"max-image-preview:large","max-video-preview":"max-video-preview:-1"},"canonical":"https:\/\/www.ideefixe.fr\/en\/privacy-policy\/","og_locale":"en_US","og_type":"article","og_title":"Privacy Policy - Id\u00e9e Fixe","og_description":"This site is the property of Id\u00e9e Fixe, Id\u00e9e Fixe will be referred to below as the &#8220;site owner&#8221; and the ideefixe.fr site will be referred to below as the &#8220;website&#8221;. The &#8220;Site Owner&#8221; is committed to ensuring the highest level of protection for your personal data. Who collects your personal data? The person in [&hellip;]","og_url":"https:\/\/www.ideefixe.fr\/en\/privacy-policy\/","og_site_name":"Id\u00e9e Fixe","article_modified_time":"2023-03-13T15:56:47+00:00","twitter_card":"summary_large_image","twitter_misc":{"Est. reading time":"3 minutes"},"schema":{"@context":"https:\/\/schema.org","@graph":[{"@type":"WebPage","@id":"https:\/\/www.ideefixe.fr\/en\/privacy-policy\/","url":"https:\/\/www.ideefixe.fr\/en\/privacy-policy\/","name":"Privacy Policy - Id\u00e9e Fixe","isPartOf":{"@id":"https:\/\/www.ideefixe.fr\/en\/#website"},"datePublished":"2022-03-10T10:31:49+00:00","dateModified":"2023-03-13T15:56:47+00:00","breadcrumb":{"@id":"https:\/\/www.ideefixe.fr\/en\/privacy-policy\/#breadcrumb"},"inLanguage":"en-US","potentialAction":[{"@type":"ReadAction","target":["https:\/\/www.ideefixe.fr\/en\/privacy-policy\/"]}]},{"@type":"BreadcrumbList","@id":"https:\/\/www.ideefixe.fr\/en\/privacy-policy\/#breadcrumb","itemListElement":[{"@type":"ListItem","position":1,"name":"Id\u00e9e Fixe","item":"https:\/\/www.ideefixe.fr\/en\/"},{"@type":"ListItem","position":2,"name":"Privacy Policy"}]},{"@type":"WebSite","@id":"https:\/\/www.ideefixe.fr\/en\/#website","url":"https:\/\/www.ideefixe.fr\/en\/","name":"Id\u00e9e Fixe","description":"Expert en architectures durables et \u00e9ph\u00e9m\u00e8res depuis 1990.","publisher":{"@id":"https:\/\/www.ideefixe.fr\/en\/#organization"},"potentialAction":[{"@type":"SearchAction","target":{"@type":"EntryPoint","urlTemplate":"https:\/\/www.ideefixe.fr\/en\/?s={search_term_string}"},"query-input":{"@type":"PropertyValueSpecification","valueRequired":true,"valueName":"search_term_string"}}],"inLanguage":"en-US"},{"@type":"Organization","@id":"https:\/\/www.ideefixe.fr\/en\/#organization","name":"Id\u00e9e Fixe","url":"https:\/\/www.ideefixe.fr\/en\/","logo":{"@type":"ImageObject","inLanguage":"en-US","@id":"https:\/\/www.ideefixe.fr\/en\/#\/schema\/logo\/image\/","url":"https:\/\/www.ideefixe.fr\/wp-content\/uploads\/2021\/11\/logo-idee-fixe.svg","contentUrl":"https:\/\/www.ideefixe.fr\/wp-content\/uploads\/2021\/11\/logo-idee-fixe.svg","width":1,"height":1,"caption":"Id\u00e9e Fixe"},"image":{"@id":"https:\/\/www.ideefixe.fr\/en\/#\/schema\/logo\/image\/"}}]}},"_links":{"self":[{"href":"https:\/\/www.ideefixe.fr\/en\/wp-json\/wp\/v2\/pages\/1382","targetHints":{"allow":["GET"]}}],"collection":[{"href":"https:\/\/www.ideefixe.fr\/en\/wp-json\/wp\/v2\/pages"}],"about":[{"href":"https:\/\/www.ideefixe.fr\/en\/wp-json\/wp\/v2\/types\/page"}],"author":[{"embeddable":true,"href":"https:\/\/www.ideefixe.fr\/en\/wp-json\/wp\/v2\/users\/4"}],"replies":[{"embeddable":true,"href":"https:\/\/www.ideefixe.fr\/en\/wp-json\/wp\/v2\/comments?post=1382"}],"version-history":[{"count":2,"href":"https:\/\/www.ideefixe.fr\/en\/wp-json\/wp\/v2\/pages\/1382\/revisions"}],"predecessor-version":[{"id":6892,"href":"https:\/\/www.ideefixe.fr\/en\/wp-json\/wp\/v2\/pages\/1382\/revisions\/6892"}],"wp:attachment":[{"href":"https:\/\/www.ideefixe.fr\/en\/wp-json\/wp\/v2\/media?parent=1382"}],"curies":[{"name":"wp","href":"https:\/\/api.w.org\/{rel}","templated":true}]}}